{"id":288,"date":"2018-07-06T10:26:41","date_gmt":"2018-07-06T10:26:41","guid":{"rendered":"http:\/\/network-communication.eu\/fr\/?page_id=288"},"modified":"2025-10-07T15:52:03","modified_gmt":"2025-10-07T15:52:03","slug":"avis-legal","status":"publish","type":"page","link":"https:\/\/network-communication.eu\/fr\/avis-legal\/","title":{"rendered":"Avis Legal"},"content":{"rendered":"<p><strong>Avis Legal<\/strong><\/p>\n<p>Notre vocation d\u00b4efficacit\u00e9 et notre obligation de respecter nos engagements avec nos clients nous obligent \u00e0 donner un service de haute qualit\u00e9. Afin d\u00b4arriver \u00e0 cet objectif, il est indispensable d\u00b4\u00e9tablir des m\u00e9thodes de travail r\u00e9glement\u00e9es..<\/p>\n<p><strong>Propri\u00e9t\u00e9 et Coordonn\u00e9es:<\/strong><\/p>\n<p>Fast Global Communication S.L..<br \/>\nde. Del Mercado s\/n, torre 11, local comercial bajo 3, 29.601 Marbella. M\u00e1laga. Espagne CIF: B-93145613<\/p>\n<p>Notre contact \u00e9lectronique: marketing@network-communication.eu<\/p>\n<p>Registre du Commerce (registro mercanti): : Registro Mercantil de M\u00e1laga, al tomo 4.941, livre 3.848, folio 81,<br \/>\nInscription MA-111202.<\/p>\n<p>FAST GLOBAL COMUNICATION S.L., (FAST GLOBAL), indique sur le Site Web, www.networkcommunication.eu , l\u00b4information en rapport avec le type d&rsquo;activit\u00e9, Produits et services propos\u00e9s.<\/p>\n<p>L\u00b4acc\u00e8s au Site Web de FAST GLOBAL et aux informations relatives \u00e0 n\u00b4importe lequel des produits et des services qui y sont mentionn\u00e9s implique l&rsquo;acceptation des conditions du pr\u00e9sent avis l\u00e9gal.<\/p>\n<p>FAST GLOBAL fournit l&rsquo;acc\u00e8s au Site Web: www.network-communication.eu dans les conditions d&rsquo;utilisation<br \/>\nd\u00e9crites ci-dessous:<\/p>\n<p><strong>Conditions d&rsquo;utilisation<\/strong><\/p>\n<p>\u2022 L\u00b4information fournie par FAST GLOBAL au travers du site www.network-communication.eu doit \u00eatre consid\u00e9r\u00e9e par l&rsquo;utilisateur comme introduction, mais peut \u00eatre consid\u00e9r\u00e9e comme facteur d\u00e9terminant pour la prise de d\u00e9cisions, d\u00e9clinant toute responsabilit\u00e9 de l&rsquo;utilisation qui peut \u00eatre faite de cette derni\u00e8re, il est sp\u00e9cifi\u00e9 en d\u00e9tail que de telles informations sont soumises \u00e0 la r\u00e9glementation en vigueur en Espagne et n\u00b4est pas destin\u00e9e aux utilisateurs qui op\u00e8rent dans d&rsquo;autres juridictions qui exigent le respect de certaines obligations afin de divulguer et mettre \u00e0 disposition des<br \/>\nservices ou produits publicitaires en ligne.<\/p>\n<p>\u2022 Les informations contenues sur le site sont exactes \u00e0 la date de la derni\u00e8re mise \u00e0 jour. Ces conditions entrent en vigueur \u00e0 la date de la derni\u00e8re mise \u00e0 jour. FAST GLOBAL se r\u00e9serve le droit de modifier, supprimer ou changer \u00e0 tout moment et ce sans pr\u00e9avis, ces informations qui , dans ce cas, entrent en vigueur d\u00e8s leur publication et s&rsquo;appliquent \u00e0 tous les utilisateurs du site depuis cette date.<\/p>\n<p>\u2022 FAST GLOBAL se r\u00e9serve le droit de mettre \u00e0 jour , modifier ou supprimer les informations contenues dans le site Web: www.network-communication.eu, de limiter ou d&rsquo;interdire l&rsquo;acc\u00e8s \u00e0 cette information, sans pr\u00e9avis. Plus particuli\u00e8rement, FAST GLOBAL se r\u00e9serve le droit de supprimer, limiter ou d\u00b4emp\u00eacher l&rsquo;acc\u00e8s \u00e0 son site Web en cas de difficult\u00e9s techniques d&rsquo;\u00e9v\u00e9nements ou de circonstances ind\u00e9pendantes de FAST GLOBAL qui, \u00e0 sa discr\u00e9tion, peut r\u00e9duire ou supprimer les normes de s\u00e9curit\u00e9 standart adopt\u00e9es dans le cadre du bon fonctionnement du Site Web.<\/p>\n<p>\u2022 FAST GLOBAL en aucun cas ne pourra \u00eatre tenu pour responsable des pertes et dommages de quelque nature qu\u2019elle soit, r\u00e9sultant de l&rsquo;acc\u00e8s et de l&rsquo;utilisation du site Web, y compris, mais sans s&rsquo;y limiter, \u00e0 ceux produits dans les syst\u00e8mes informatiques ou ceux caus\u00e9s par l&rsquo;introduction de virus et \/ ou des cyberattaques. FAST GLOBAL ne sera en aucun cas responsable pour tous les dommages que pourraient subir les utilisateurs en cas de mauvaise utilisation de ce site Web et de quelque nature qu\u00b4elle soit, absence, ou la d\u00e9faillance de t\u00e9l\u00e9communications.<\/p>\n<p>\u2022 FAST GLOBAL ne garantit pas la l\u00e9galit\u00e9 et la r\u00e9gularit\u00e9 des informations et des \u00e9l\u00e9ments contenus dans les pages du Site, lorsque le droit de propri\u00e9t\u00e9 ne correspond pas \u00e0 FAST GLOBAL.<\/p>\n<p><strong>Propri\u00e9t\u00e9 intellectuelle<\/strong><\/p>\n<p>La totalit\u00e9 du site web de FAST GLOBAL comprenant les pages, les informations et \u00e9l\u00e9ments qui y figurent, incluant des textes, documents, imagerie, photos, logos, repr\u00e9sentations graphiques, fichiers audio, base de donn\u00e9es, ou code informatique, structures, s\u00e9lectionn\u00e9s dans les contenus, logos, marques, noms commerciaux, combinaisons de couleurs ou d&rsquo;autres signes distinctifs, sont prot\u00e9g\u00e9s par des droits de propri\u00e9t\u00e9 intellectuelle ou industrielle de FAST GLOBAL qui en est le propri\u00e9taire ou le titulaire l\u00e9gitime sont r\u00e9gis par les r\u00e8gles de la propri\u00e9t\u00e9 intellectuelle et ne peuvent en aucun cas \u00eatre exploit\u00e9s, la reproduction, distribution, modification, ou communication publique, transformation ou toute autre forme de divulgation sans une autorisation pr\u00e9alable.<\/p>\n<p>L&rsquo;acc\u00e8s au site ne conf\u00e8re aucun droit aux utilisateurs , ni titularit\u00e9 de quelque nature qu\u00b4elle soit sur les droits de propri\u00e9t\u00e9 intellectuelle et\/ou industrielle contenus dans cette web.<\/p>\n<p>Toute reproduction, distribution, transformation ou commercialisation de contenu qui n&rsquo;ont pas \u00e9t\u00e9 express\u00e9ment autoris\u00e9es par les propri\u00e9taires constituent une violation de la propri\u00e9t\u00e9 intellectuelle prot\u00e9g\u00e9e par la loi.<\/p>\n<p>FAST GLOBAL se r\u00e9serve le droit d&rsquo;engager des poursuites judiciaires contre les utilisateurs qui enfreignent les droits de propri\u00e9t\u00e9 intellectuelle et\/ou industrielle.<\/p>\n<p><strong>Droit applicable et modification disclaimer<\/strong><\/p>\n<p>Les pr\u00e9sentes conditions g\u00e9n\u00e9rales ont \u00e9t\u00e9 pr\u00e9par\u00e9es en conformit\u00e9 avec les dispositions de la loi 34\/2002, services de la soci\u00e9t\u00e9 de l&rsquo;information et du commerce \u00e9lectronique (LSSICE), Droit 15\/99, de 13 D\u00e9cembre sur la protection des donn\u00e9es personnelles.<\/p>\n<p>(LOPD) et le d\u00e9cret royal 1720\/2007, de 21 D\u00e9cembre, en approuvant le r\u00e8glement d&rsquo;application de la loi organique 15\/1999, de 13 D\u00e9cembre de protection des donn\u00e9es \u00e0 caract\u00e8re personnel (RDLOPD). FAST GLOBAL peut modifier cette politique de confidentialit\u00e9 (notice l\u00e9gale) en publiant ces modifications sur le site afin de les faire conna\u00eetre par les utilisateurs, bien avant la visite sur le site ou l&rsquo;achat de biens propos\u00e9s dans ce site web. Si une clause des pr\u00e9sentes conditions g\u00e9n\u00e9rales est d\u00e9clar\u00e9e, enti\u00e8rement ou partiellement, invalide ou inefficace, cette nullit\u00e9 ou l&rsquo;inapplicabilit\u00e9 n&rsquo;affectera que cette disposition ou une partie de celle-ci qui r\u00e9sulte nulle ou invalide, inapplicable, les conditions g\u00e9n\u00e9rales subsistant dans tous les autres cas, cette disposition, ou partie de celle-ci qui se verrait affect\u00e9, pour non stipul\u00e9e.<\/p>\n<p>En conformit\u00e9 avec les dispositions de la loi 15\/1999, de 13 D\u00e9cembre, sur la protection des donn\u00e9es \u00e0 caract\u00e8re personnel, nous vous informons que les renseignements personnels que vous fournissez seront stock\u00e9s et trait\u00e9s dans les fichiers appartenant \u00e0 FAST GLOBAL, d\u00fbment enregistr\u00e9s aupr\u00e8s de l&rsquo;Agence Espagnole de protection des donn\u00e9es, Afin de g\u00e9rer, et maintenir les services fournis et\/ou sous contrat, ainsi que pour rester inform\u00e9, y compris \u00e9lectroniquement, sur les questions relatives \u00e0 l&rsquo;activit\u00e9 de la Soci\u00e9t\u00e9 et de ses services ou produits.<\/p>\n<p>Conform\u00e9ment aux dispositions du d\u00e9cret royal 1720\/2007, FAST GLOBAL s&rsquo;engage \u00e0 mettre en oeuvre des syst\u00e8mes techniques et organisationnels, les mesures appropri\u00e9es pour assurer la s\u00e9curit\u00e9 des fichiers contenant des donn\u00e9es \u00e0 caract\u00e8re personnel.<\/p>\n<p>L\u00b4utilisateur, accepte et consent recevoir notre newsletter, au m\u00eame titre que des, e-mails contenants des informations sur les nouvelles et les d\u00e9veloppements pertinents de notre entreprise. Ce consentement peut \u00eatre r\u00e9voqu\u00e9 \u00e0 tout moment par les moyens que FAST GLOBAL fournit \u00e0 cet effet.<\/p>\n<p>Tout utilisateur peut exercer, \u00e0 n&rsquo;importe quel moment, ses droits accord\u00e9s par la loi d&rsquo;acc\u00e8s, rectification, annulation et opposition de ses donn\u00e9es personnelles par courrier \u00e9lectronique \u00e0 marketing@networkcommunication.eu, ou en \u00e9crivant \u00e0 Av. Del Mercado s\/n, , torre 11, local comercial bajo 3, 29.601 Marbella, M\u00e1laga, (Espagne), toujours accompagn\u00e9 d&rsquo;une photocopie de votre DNI. en indiquant express\u00e9ment le droit auquel il pr\u00e9tent, express\u00e9ment inclu dans la loi organique des protections des donn\u00e9es \u00e0 caract\u00e8re personnel.<\/p>\n<p>FAST GLOBAL se r\u00e9serve le droit de modifier, \u00e0 n&rsquo;importe quel moment, sa politique de traitement et de s\u00e9curit\u00e9 des donn\u00e9es personnelles, toujours en respectant la l\u00e9gislation en vigueur dans ce domaine et en le communiquant aux int\u00e9ress\u00e9s, en le publiant sur le site ou par tout autre moyen sur la Web, ou par tout autre moyen de communication ou de diffusion jug\u00e9 appropri\u00e9, de pr\u00e9f\u00e9rence indiqu\u00e9 par l&rsquo;envoi de changement d&rsquo;adresse e-mail fourni par l&rsquo;utilisateur. La seule preuve simple d\u2019envoi de courrier \u00e0 cette adresse sera consid\u00e9r\u00e9e accomplie notre engagement de respect de l&rsquo;information.<\/p>\n<p><strong>Monnaie<\/strong><\/p>\n<p>La monnaie officielle dans les transactions entre FAST GLOBAL et ses utilisateurs, est l&rsquo;euro. L&rsquo;utilisation d&rsquo;une autre monnaie sera d\u00e9termin\u00e9e par cas sp\u00e9cifique. En cas de n\u00e9cessit\u00e9 de conversion en monnaie locale de toute transaction, sera faite en r\u00e9f\u00e9rence \u00e0 l&rsquo;euro avec la monnaie impliqu\u00e9e \u00e0 fermeture du taux de change le jour de la transaction.<\/p>\n<p>En l\u2019absence de la parit\u00e9 d&rsquo;\u00e9change, la conversion pr\u00e9alable se fera en dollars am\u00e9ricains.<\/p>\n<p><strong>Et la juridiction<\/strong><\/p>\n<p>Les pr\u00e9sentes conditions g\u00e9n\u00e9rales sont r\u00e9gies et interpr\u00e9t\u00e9es conform\u00e9ment \u00e0 la l\u00e9gislation espagnole, avec une attention particuli\u00e8re aux r\u00e8gles de service de la soci\u00e9t\u00e9 de l&rsquo;information et le commerce \u00e9lectronique, contenues dans la loi 34\/2002, de 11 Juillet, \u00e0 la r\u00e9glementation des conditions g\u00e9n\u00e9rales de passation \u00e9lectronique des march\u00e9s, recueillis dans le R.D. 1906\/1999 de 17 D\u00e9cembre et le droit 7\/1998, de 13 Avril.<\/p>\n<p>Les parties se soumettent, pour la r\u00e9solution des conflits et en renon\u00e7ant \u00e0 toute autre juridiction, \u00e0 la juridiction des tribunaux de Marbella.<\/p>\n<p><strong>Conditions de vente<\/strong><\/p>\n<p>Fast Global Communication SL CIF B93145613 , vendeur, soci\u00e9t\u00e9 de m\u00e9diatrice pour la publicit\u00e9 sur Internet et en particulier par la recherche Google \u00e0 l&rsquo;aide \u00ab phrases cl\u00e9s \u00bb choisi dans ses diverses formes, s&rsquo;engage \u00e0:<\/p>\n<p><strong>MARKETING GOOGLE<\/strong><\/p>\n<p>Durant votre campagne publicitaire, votre entreprise sera positionn\u00e9e sur la premi\u00e8re page du moteur de recherche Google en utilisant les mots-cl\u00e9s convenus entre les parties.<\/p>\n<p><strong>DUR\u00c9E DU CONTRAT \/ ADWORDS<\/strong> (et ou toute autre publicit\u00e9 Mensuelle)<\/p>\n<p>Ce contrat sera prolong\u00e9 pour un mois suppl\u00e9mentaire de la date de r\u00e9siliation du pr\u00e9sent contrat, (7 jours avant la fin de la dur\u00e9e de 30 jours) sans annulation \u00e9crite par mail ou courrier.<\/p>\n<p><strong>ANNULATION DU CONTRAT \/ ADWORDS<\/strong> (et \/ ou toute autre publicit\u00e9 Mensuelle)<\/p>\n<p>Apr\u00e8s avoir termin\u00e9 le premier mois d&rsquo;essai, Google Marketing de votre contrat peut \u00eatre r\u00e9sili\u00e9 par \u00e9crit et en respectant un d\u00e9lai de 30 jours. Au cours de la p\u00e9riode d&rsquo;essai du premier mois, L&rsquo;acheteur peut r\u00e9silier son contrat 7 jours ouvrables avant la date de renouvellement avec effet imm\u00e9diat par email, toujours \u00e9crit.<br \/>\nVotre avis 30 jours commence \u00e0 la date de r\u00e9ception, par le vendeur, de votre confirmation de l&rsquo;annulation, toujours par \u00e9crit et par email.<\/p>\n<p>L&rsquo;acheteur peut voir sa publicit\u00e9 sur le moteur de recherche Google, en tapant sur www.google.es ou www.google.fr, les phrases d\u00e9finies avec son commercial ou technicien.<\/p>\n<p>D\u00e8s r\u00e9ception du paiement, L&rsquo;acheteur accepte les termes convenus ici. L&rsquo;espace publicitaire de l&rsquo;acheteur, sera activ\u00e9 dans un d\u00e9lai maximum de 6 jours ouvrables, \u00e0 partir de la date d&rsquo;achat, sauf si les parties d\u00e9cident de reporter le d\u00e9but de la campagne en accord.<\/p>\n<p>Annulation du service par l&rsquo;acheteur: une fois le service commenc\u00e9, l\u2019annulation entra\u00eenera une p\u00e9nalit\u00e9 de 100 \u20ac plus TVA et r\u00e9siliation imm\u00e9diate du service sans aucun droit de revendication.<\/p>\n<p><strong>GOOGLE MAPS \/ MY BUSINESS<\/strong><\/p>\n<p>Le vendeur garantit l\u2019insertion sur le service Google Maps et Google My Business. D\u00e8s reception des \u00e9lements de l\u2019acqu\u00e9reur (fiche de renseignements et photos), nous cr\u00e9ons une Fiche Google My Business dans les r\u00e8gles de r\u00e9f\u00e9rencement Google, afin d\u2019atteindre le maximum d\u2019informations demand\u00e9es pour optimiser le service de g\u00e9olocalisation.<\/p>\n<p>La duplication des fiches \u00e9tant d\u00e9sormais interdite par Google. si l\u2019acheteur poss\u00e8de d\u00e9j\u00e0 une fiche, le vendeur en prendra l\u2019administration afin de la modifier en vue de son optimisation pour le r\u00e9f\u00e9rencement.<\/p>\n<p>Fast Global Communication S.L.. ne peut pas garantir le positionnement exact. Toutefois, plus l\u2019acqu\u00e9reur reste localis\u00e9 et pertinent vis-\u00e0-vis des crit\u00e8res de recherche plus haut il appara\u00eetra dans la liste. Le vendeur garantit 3 ans de services et de diffusion: seront pris en compte, les modifications de photos, textes, horaires,\u2026 SAUF CAS EXCEPTIONNEL: le changement d\u2019adresse.<\/p>\n<p>Nous garantissons 3 ans de diffusion sur les r\u00e9seaux: Facebook, Twitter, Instagram, Blogs, etc. D\u00e8s r\u00e9ception du paiement, l\u2019acqu\u00e9reur accepte le pr\u00e9sent contrat. La fiche de l\u2019acqu\u00e9reur sera activ\u00e9e \u00e0 compter de la reception du code d\u2019activation, que re\u00e7oit l\u2019acquereur par courrier postal, environ 15 jours \u00e0 1mois apr\u00e8s la cr\u00e9ation de sa fiche par les services techniques de Fast Global Cummunication S.L.<\/p>\n<p>Fast Global Communication S.L.. ne peut \u00eatre port\u00e9 responsable si l\u2019acqu\u00e9reur ne nous fait pas parvenir les \u00e9l\u00e9ments \u00e0 la cr\u00e9ation de la fiche, les codes d\u2019activation ou \u00e0 un probl\u00e8me de courrier li\u00e9 \u00e0 la r\u00e9ception des codes. Dans une de ces situations, la personne en charge du dossier se mettra \u00e0 la disposition de l\u2019acqu\u00e9reur afin de lui trouver une solution dans les plus brefs d\u00e9lais, en collaboration bien s\u00fbr avec l\u2019acqu\u00e9reur.<\/p>\n<p><strong>DUR\u00c9E DU CONTRAT<\/strong><\/p>\n<p>Le pr\u00e9sent contrat est conclu pour une dur\u00e9e de 3 ans, \u00e0 partir de l\u2019activation de l\u2019onglet de Google My Bussines en ligne.<br \/>\nDUR\u00c9E DU CONTRAT:<br \/>\nIL EST OBLGIATOIRE DE NOUS PR\u00c9VENIR PAR MAIL OU T\u00c9L\u00c9PHONE MINIMUM 6 MOIS AVANT LA DATE<br \/>\nANNIVERSAIRE DE VOTRE SOUSCRIPTION SI VOUS NE D\u00c9SIREZ PAS CONTINUER.<br \/>\nLe pr\u00e9sent contrat est conclu pour une dur\u00e9e de 3 ans, \u00e0 partir de l\u2019activation de l\u2019onglet de Google My<br \/>\nBussines en ligne.<br \/>\nL\u2019annulation de ce contrat implique des frais de gestion de 300\u20ac<\/p>\n","protected":false},"excerpt":{"rendered":"<p>Avis Legal Notre vocation d\u00b4efficacit\u00e9 et notre obligation de respecter nos engagements avec nos clients nous obligent \u00e0 donner un service de haute qualit\u00e9. Afin d\u00b4arriver \u00e0 cet objectif, il<\/p>\n","protected":false},"author":46,"featured_media":0,"parent":0,"menu_order":0,"comment_status":"closed","ping_status":"closed","template":"","meta":{"footnotes":""},"class_list":["post-288","page","type-page","status-publish","hentry"],"yoast_head":"<!-- This site is optimized with the Yoast SEO plugin v27.4 - https:\/\/yoast.com\/product\/yoast-seo-wordpress\/ -->\n<title>Avis Legal - Network Communication<\/title>\n<meta name=\"robots\" content=\"index, follow, max-snippet:-1, max-image-preview:large, max-video-preview:-1\" \/>\n<link rel=\"canonical\" href=\"https:\/\/network-communication.eu\/fr\/avis-legal\/\" \/>\n<meta property=\"og:locale\" content=\"fr_FR\" \/>\n<meta property=\"og:type\" content=\"article\" \/>\n<meta property=\"og:title\" content=\"Avis Legal - Network Communication\" \/>\n<meta property=\"og:description\" content=\"Avis Legal Notre vocation d\u00b4efficacit\u00e9 et notre obligation de respecter nos engagements avec nos clients nous obligent \u00e0 donner un service de haute qualit\u00e9. Afin d\u00b4arriver \u00e0 cet objectif, il\" \/>\n<meta property=\"og:url\" content=\"https:\/\/network-communication.eu\/fr\/avis-legal\/\" \/>\n<meta property=\"og:site_name\" content=\"Network Communication\" \/>\n<meta property=\"article:modified_time\" content=\"2025-10-07T15:52:03+00:00\" \/>\n<meta name=\"twitter:card\" content=\"summary_large_image\" \/>\n<meta name=\"twitter:label1\" content=\"Dur\u00e9e de lecture estim\u00e9e\" \/>\n\t<meta name=\"twitter:data1\" content=\"11 minutes\" \/>\n<script type=\"application\/ld+json\" class=\"yoast-schema-graph\">{\"@context\":\"https:\\\/\\\/schema.org\",\"@graph\":[{\"@type\":\"WebPage\",\"@id\":\"https:\\\/\\\/network-communication.eu\\\/fr\\\/avis-legal\\\/\",\"url\":\"https:\\\/\\\/network-communication.eu\\\/fr\\\/avis-legal\\\/\",\"name\":\"Avis Legal - Network Communication\",\"isPartOf\":{\"@id\":\"https:\\\/\\\/network-communication.eu\\\/fr\\\/#website\"},\"datePublished\":\"2018-07-06T10:26:41+00:00\",\"dateModified\":\"2025-10-07T15:52:03+00:00\",\"breadcrumb\":{\"@id\":\"https:\\\/\\\/network-communication.eu\\\/fr\\\/avis-legal\\\/#breadcrumb\"},\"inLanguage\":\"fr-FR\",\"potentialAction\":[{\"@type\":\"ReadAction\",\"target\":[\"https:\\\/\\\/network-communication.eu\\\/fr\\\/avis-legal\\\/\"]}]},{\"@type\":\"BreadcrumbList\",\"@id\":\"https:\\\/\\\/network-communication.eu\\\/fr\\\/avis-legal\\\/#breadcrumb\",\"itemListElement\":[{\"@type\":\"ListItem\",\"position\":1,\"name\":\"Portada\",\"item\":\"https:\\\/\\\/network-communication.eu\\\/fr\\\/\"},{\"@type\":\"ListItem\",\"position\":2,\"name\":\"Avis Legal\"}]},{\"@type\":\"WebSite\",\"@id\":\"https:\\\/\\\/network-communication.eu\\\/fr\\\/#website\",\"url\":\"https:\\\/\\\/network-communication.eu\\\/fr\\\/\",\"name\":\"Network Communication\",\"description\":\"Agence en Marketing et D\u00e9veloppement Web\",\"potentialAction\":[{\"@type\":\"SearchAction\",\"target\":{\"@type\":\"EntryPoint\",\"urlTemplate\":\"https:\\\/\\\/network-communication.eu\\\/fr\\\/?s={search_term_string}\"},\"query-input\":{\"@type\":\"PropertyValueSpecification\",\"valueRequired\":true,\"valueName\":\"search_term_string\"}}],\"inLanguage\":\"fr-FR\"}]}<\/script>\n<!-- \/ Yoast SEO plugin. -->","yoast_head_json":{"title":"Avis Legal - Network Communication","robots":{"index":"index","follow":"follow","max-snippet":"max-snippet:-1","max-image-preview":"max-image-preview:large","max-video-preview":"max-video-preview:-1"},"canonical":"https:\/\/network-communication.eu\/fr\/avis-legal\/","og_locale":"fr_FR","og_type":"article","og_title":"Avis Legal - Network Communication","og_description":"Avis Legal Notre vocation d\u00b4efficacit\u00e9 et notre obligation de respecter nos engagements avec nos clients nous obligent \u00e0 donner un service de haute qualit\u00e9. Afin d\u00b4arriver \u00e0 cet objectif, il","og_url":"https:\/\/network-communication.eu\/fr\/avis-legal\/","og_site_name":"Network Communication","article_modified_time":"2025-10-07T15:52:03+00:00","twitter_card":"summary_large_image","twitter_misc":{"Dur\u00e9e de lecture estim\u00e9e":"11 minutes"},"schema":{"@context":"https:\/\/schema.org","@graph":[{"@type":"WebPage","@id":"https:\/\/network-communication.eu\/fr\/avis-legal\/","url":"https:\/\/network-communication.eu\/fr\/avis-legal\/","name":"Avis Legal - Network Communication","isPartOf":{"@id":"https:\/\/network-communication.eu\/fr\/#website"},"datePublished":"2018-07-06T10:26:41+00:00","dateModified":"2025-10-07T15:52:03+00:00","breadcrumb":{"@id":"https:\/\/network-communication.eu\/fr\/avis-legal\/#breadcrumb"},"inLanguage":"fr-FR","potentialAction":[{"@type":"ReadAction","target":["https:\/\/network-communication.eu\/fr\/avis-legal\/"]}]},{"@type":"BreadcrumbList","@id":"https:\/\/network-communication.eu\/fr\/avis-legal\/#breadcrumb","itemListElement":[{"@type":"ListItem","position":1,"name":"Portada","item":"https:\/\/network-communication.eu\/fr\/"},{"@type":"ListItem","position":2,"name":"Avis Legal"}]},{"@type":"WebSite","@id":"https:\/\/network-communication.eu\/fr\/#website","url":"https:\/\/network-communication.eu\/fr\/","name":"Network Communication","description":"Agence en Marketing et D\u00e9veloppement Web","potentialAction":[{"@type":"SearchAction","target":{"@type":"EntryPoint","urlTemplate":"https:\/\/network-communication.eu\/fr\/?s={search_term_string}"},"query-input":{"@type":"PropertyValueSpecification","valueRequired":true,"valueName":"search_term_string"}}],"inLanguage":"fr-FR"}]}},"_links":{"self":[{"href":"https:\/\/network-communication.eu\/fr\/wp-json\/wp\/v2\/pages\/288","targetHints":{"allow":["GET"]}}],"collection":[{"href":"https:\/\/network-communication.eu\/fr\/wp-json\/wp\/v2\/pages"}],"about":[{"href":"https:\/\/network-communication.eu\/fr\/wp-json\/wp\/v2\/types\/page"}],"author":[{"embeddable":true,"href":"https:\/\/network-communication.eu\/fr\/wp-json\/wp\/v2\/users\/46"}],"replies":[{"embeddable":true,"href":"https:\/\/network-communication.eu\/fr\/wp-json\/wp\/v2\/comments?post=288"}],"version-history":[{"count":10,"href":"https:\/\/network-communication.eu\/fr\/wp-json\/wp\/v2\/pages\/288\/revisions"}],"predecessor-version":[{"id":749,"href":"https:\/\/network-communication.eu\/fr\/wp-json\/wp\/v2\/pages\/288\/revisions\/749"}],"wp:attachment":[{"href":"https:\/\/network-communication.eu\/fr\/wp-json\/wp\/v2\/media?parent=288"}],"curies":[{"name":"wp","href":"https:\/\/api.w.org\/{rel}","templated":true}]}}