{"id":196,"date":"2018-06-26T14:19:48","date_gmt":"2018-06-26T14:19:48","guid":{"rendered":"http:\/\/network-communication.eu\/fr\/?page_id=196"},"modified":"2018-07-30T08:57:12","modified_gmt":"2018-07-30T08:57:12","slug":"conception-web","status":"publish","type":"page","link":"https:\/\/network-communication.eu\/fr\/conception-web\/","title":{"rendered":"Conception Web"},"content":{"rendered":"<p>[vc_row][vc_column width=\u00a0\u00bb1\/2&Prime;][dfd_single_image image=\u00a0\u00bb234&Prime;][\/vc_column][vc_column width=\u00a0\u00bb1\/2&Prime;][vc_column_text]Nous concevons toutes sortes de sites, webs corporatives, boutiques en lignes, catalogues virtuels etc&#8230; adapt\u00e9s \u00e0 tous les dispositifs mobiles, dynamiques, attractifs et cr\u00e9atifs. Un site internet de qualit\u00e9 doit \u00eatre bien structur\u00e9, avec du contenu de qualit\u00e9 et \u00e9tablir de fa\u00e7on claire les divers services et produits.<\/p>\n<p>Nous utilisons des m\u00e9thodes adapt\u00e9es bas\u00e9es principalement sur des outils comme WORDPRESS ou JOOMLA, PRESTASHOP ou WOOCOMMERCE pour les boutiques en lignes, optimis\u00e9es pour une indexation optimale sur les moteurs de recherche.<\/p>\n<p>Nous \u00e9laborons des sites internet de qualit\u00e9, pour tout secteur d\u00b4activit\u00e9 et id\u00e9alement adapt\u00e9s \u00e0 votre mod\u00e8le d\u00b4entreprise et \u00e0 votre budget de communication.<\/p>\n<p>Pour toute demande, n\u00b4h\u00e9sitez pas \u00e0 nous contacter, nous serons ravis d\u00b4\u00e9couter vos propositions et les traiter, pour que votre projet de cr\u00e9ation de site internet soit un succ\u00e8s absolu pour vous et votre entreprise.[\/vc_column_text][\/vc_column][\/vc_row][vc_row css=\u00a0\u00bb.vc_custom_1532936406069{margin-top: 35px !important;}\u00a0\u00bb][vc_column][dfd_heading subtitle=\u00a0\u00bbPortfolio\u00a0\u00bb delimiter_settings=\u00a0\u00bbdelimiter_style:solid|delimiter_width:80|delimiter_height:1&Prime; undefined=\u00a0\u00bb\u00a0\u00bb title_font_options=\u00a0\u00bbtag:h2&Prime; subtitle_font_options=\u00a0\u00bbtag:div\u00a0\u00bb]Quelques unes de nos oeuvres[\/dfd_heading][\/vc_column][\/vc_row][vc_row][vc_column][dfd_portfolio_module posts_to_show=\u00a0\u00bb30&Prime; items_offset=\u00a0\u00bb20&Prime; columns=\u00a0\u00bb3&Prime; portfolio_hover_main_decoration_link=\u00a0\u00bbexternal\u00a0\u00bb portfolio_style=\u00a0\u00bbfitRows\u00a0\u00bb tutorials=\u00a0\u00bb\u00a0\u00bb portfolio_categories=\u00a0\u00bbhtml5,prestashop,woocommerce,wordpress\u00a0\u00bb image_width=\u00a0\u00bb600&Prime; image_height=\u00a0\u00bb320&Prime;][\/vc_column][\/vc_row]<\/p>\n","protected":false},"excerpt":{"rendered":"<p>[vc_row][vc_column width=\u00a0\u00bb1\/2&Prime;][dfd_single_image image=\u00a0\u00bb234&Prime;][\/vc_column][vc_column width=\u00a0\u00bb1\/2&Prime;][vc_column_text]Nous concevons toutes sortes de sites, webs corporatives, boutiques en lignes, catalogues virtuels etc&#8230; adapt\u00e9s \u00e0 tous les dispositifs mobiles, dynamiques, attractifs et cr\u00e9atifs. Un site internet<\/p>\n","protected":false},"author":46,"featured_media":0,"parent":0,"menu_order":0,"comment_status":"closed","ping_status":"closed","template":"","meta":{"footnotes":""},"class_list":["post-196","page","type-page","status-publish","hentry"],"yoast_head":"<!-- This site is optimized with the Yoast SEO plugin v27.4 - https:\/\/yoast.com\/product\/yoast-seo-wordpress\/ -->\n<title>Conception Web - Network Communication<\/title>\n<meta name=\"robots\" content=\"index, follow, max-snippet:-1, max-image-preview:large, max-video-preview:-1\" \/>\n<link rel=\"canonical\" href=\"https:\/\/network-communication.eu\/fr\/conception-web\/\" \/>\n<meta property=\"og:locale\" content=\"fr_FR\" \/>\n<meta property=\"og:type\" content=\"article\" \/>\n<meta property=\"og:title\" content=\"Conception Web - Network Communication\" \/>\n<meta property=\"og:description\" content=\"[vc_row][vc_column width=\u00a0\u00bb1\/2&Prime;][dfd_single_image image=\u00a0\u00bb234&Prime;][\/vc_column][vc_column width=\u00a0\u00bb1\/2&Prime;][vc_column_text]Nous concevons toutes sortes de sites, webs corporatives, boutiques en lignes, catalogues virtuels etc&#8230; adapt\u00e9s \u00e0 tous les dispositifs mobiles, dynamiques, attractifs et cr\u00e9atifs. Un site internet\" \/>\n<meta property=\"og:url\" content=\"https:\/\/network-communication.eu\/fr\/conception-web\/\" \/>\n<meta property=\"og:site_name\" content=\"Network Communication\" \/>\n<meta property=\"article:modified_time\" content=\"2018-07-30T08:57:12+00:00\" \/>\n<meta name=\"twitter:card\" content=\"summary_large_image\" \/>\n<meta name=\"twitter:label1\" content=\"Dur\u00e9e de lecture estim\u00e9e\" \/>\n\t<meta name=\"twitter:data1\" content=\"1 minute\" \/>\n<script type=\"application\/ld+json\" class=\"yoast-schema-graph\">{\"@context\":\"https:\\\/\\\/schema.org\",\"@graph\":[{\"@type\":\"WebPage\",\"@id\":\"https:\\\/\\\/network-communication.eu\\\/fr\\\/conception-web\\\/\",\"url\":\"https:\\\/\\\/network-communication.eu\\\/fr\\\/conception-web\\\/\",\"name\":\"Conception Web - Network Communication\",\"isPartOf\":{\"@id\":\"https:\\\/\\\/network-communication.eu\\\/fr\\\/#website\"},\"datePublished\":\"2018-06-26T14:19:48+00:00\",\"dateModified\":\"2018-07-30T08:57:12+00:00\",\"breadcrumb\":{\"@id\":\"https:\\\/\\\/network-communication.eu\\\/fr\\\/conception-web\\\/#breadcrumb\"},\"inLanguage\":\"fr-FR\",\"potentialAction\":[{\"@type\":\"ReadAction\",\"target\":[\"https:\\\/\\\/network-communication.eu\\\/fr\\\/conception-web\\\/\"]}]},{\"@type\":\"BreadcrumbList\",\"@id\":\"https:\\\/\\\/network-communication.eu\\\/fr\\\/conception-web\\\/#breadcrumb\",\"itemListElement\":[{\"@type\":\"ListItem\",\"position\":1,\"name\":\"Portada\",\"item\":\"https:\\\/\\\/network-communication.eu\\\/fr\\\/\"},{\"@type\":\"ListItem\",\"position\":2,\"name\":\"Conception Web\"}]},{\"@type\":\"WebSite\",\"@id\":\"https:\\\/\\\/network-communication.eu\\\/fr\\\/#website\",\"url\":\"https:\\\/\\\/network-communication.eu\\\/fr\\\/\",\"name\":\"Network Communication\",\"description\":\"Agence en Marketing et D\u00e9veloppement Web\",\"potentialAction\":[{\"@type\":\"SearchAction\",\"target\":{\"@type\":\"EntryPoint\",\"urlTemplate\":\"https:\\\/\\\/network-communication.eu\\\/fr\\\/?s={search_term_string}\"},\"query-input\":{\"@type\":\"PropertyValueSpecification\",\"valueRequired\":true,\"valueName\":\"search_term_string\"}}],\"inLanguage\":\"fr-FR\"}]}<\/script>\n<!-- \/ Yoast SEO plugin. -->","yoast_head_json":{"title":"Conception Web - Network Communication","robots":{"index":"index","follow":"follow","max-snippet":"max-snippet:-1","max-image-preview":"max-image-preview:large","max-video-preview":"max-video-preview:-1"},"canonical":"https:\/\/network-communication.eu\/fr\/conception-web\/","og_locale":"fr_FR","og_type":"article","og_title":"Conception Web - Network Communication","og_description":"[vc_row][vc_column width=\u00a0\u00bb1\/2&Prime;][dfd_single_image image=\u00a0\u00bb234&Prime;][\/vc_column][vc_column width=\u00a0\u00bb1\/2&Prime;][vc_column_text]Nous concevons toutes sortes de sites, webs corporatives, boutiques en lignes, catalogues virtuels etc&#8230; adapt\u00e9s \u00e0 tous les dispositifs mobiles, dynamiques, attractifs et cr\u00e9atifs. Un site internet","og_url":"https:\/\/network-communication.eu\/fr\/conception-web\/","og_site_name":"Network Communication","article_modified_time":"2018-07-30T08:57:12+00:00","twitter_card":"summary_large_image","twitter_misc":{"Dur\u00e9e de lecture estim\u00e9e":"1 minute"},"schema":{"@context":"https:\/\/schema.org","@graph":[{"@type":"WebPage","@id":"https:\/\/network-communication.eu\/fr\/conception-web\/","url":"https:\/\/network-communication.eu\/fr\/conception-web\/","name":"Conception Web - Network Communication","isPartOf":{"@id":"https:\/\/network-communication.eu\/fr\/#website"},"datePublished":"2018-06-26T14:19:48+00:00","dateModified":"2018-07-30T08:57:12+00:00","breadcrumb":{"@id":"https:\/\/network-communication.eu\/fr\/conception-web\/#breadcrumb"},"inLanguage":"fr-FR","potentialAction":[{"@type":"ReadAction","target":["https:\/\/network-communication.eu\/fr\/conception-web\/"]}]},{"@type":"BreadcrumbList","@id":"https:\/\/network-communication.eu\/fr\/conception-web\/#breadcrumb","itemListElement":[{"@type":"ListItem","position":1,"name":"Portada","item":"https:\/\/network-communication.eu\/fr\/"},{"@type":"ListItem","position":2,"name":"Conception Web"}]},{"@type":"WebSite","@id":"https:\/\/network-communication.eu\/fr\/#website","url":"https:\/\/network-communication.eu\/fr\/","name":"Network Communication","description":"Agence en Marketing et D\u00e9veloppement Web","potentialAction":[{"@type":"SearchAction","target":{"@type":"EntryPoint","urlTemplate":"https:\/\/network-communication.eu\/fr\/?s={search_term_string}"},"query-input":{"@type":"PropertyValueSpecification","valueRequired":true,"valueName":"search_term_string"}}],"inLanguage":"fr-FR"}]}},"_links":{"self":[{"href":"https:\/\/network-communication.eu\/fr\/wp-json\/wp\/v2\/pages\/196","targetHints":{"allow":["GET"]}}],"collection":[{"href":"https:\/\/network-communication.eu\/fr\/wp-json\/wp\/v2\/pages"}],"about":[{"href":"https:\/\/network-communication.eu\/fr\/wp-json\/wp\/v2\/types\/page"}],"author":[{"embeddable":true,"href":"https:\/\/network-communication.eu\/fr\/wp-json\/wp\/v2\/users\/46"}],"replies":[{"embeddable":true,"href":"https:\/\/network-communication.eu\/fr\/wp-json\/wp\/v2\/comments?post=196"}],"version-history":[{"count":8,"href":"https:\/\/network-communication.eu\/fr\/wp-json\/wp\/v2\/pages\/196\/revisions"}],"predecessor-version":[{"id":389,"href":"https:\/\/network-communication.eu\/fr\/wp-json\/wp\/v2\/pages\/196\/revisions\/389"}],"wp:attachment":[{"href":"https:\/\/network-communication.eu\/fr\/wp-json\/wp\/v2\/media?parent=196"}],"curies":[{"name":"wp","href":"https:\/\/api.w.org\/{rel}","templated":true}]}}