{"id":11,"date":"2019-02-08T09:30:34","date_gmt":"2019-02-08T08:30:34","guid":{"rendered":"https:\/\/network-communication.eu\/en\/?page_id=11"},"modified":"2019-02-08T09:30:34","modified_gmt":"2019-02-08T08:30:34","slug":"google-adwords","status":"publish","type":"page","link":"https:\/\/network-communication.eu\/en\/google-adwords\/","title":{"rendered":"Google Ads"},"content":{"rendered":"<p>[vc_row][vc_column][dfd_heading subtitle=&#8221;Advertising campaigns&#8221; delimiter_settings=&#8221;delimiter_style:solid|delimiter_width:80|delimiter_height:1&#8243; undefined=&#8221;&#8221; title_font_options=&#8221;tag:h2&#8243; subtitle_font_options=&#8221;tag:div&#8221; tutorials=&#8221;&#8221;]Google Adwords[\/dfd_heading][\/vc_column][\/vc_row][vc_row][vc_column][vc_column_text]What is a campaign in Google AdWords? What does it consist of? How could it benefit you? AdWords is a service offered by the famous Google search engine. This service allows you to advertise both yourself and your business.<\/p>\n<p>These ads are created by keywords that you decide, always related to your business, product or service. People search search engines for search terms related to what they want to find, and in those terms they must match the keyword selected by your company.<\/p>\n<p>Using campaigns in Google AdWords, your ad appears in organic search results and is directed to an audience that is interested in you and the product or service you offer. But what advantages does Google AdWords provide us?<\/p>\n<p><strong>Reach your target audience:<\/strong> appear on the search engines of customers looking for what your company offers.<\/p>\n<p><strong>Pay only for who visits you:<\/strong> examine the amount you want to invest in this advertising method. This service is only charged every time the user clicks, which is called CPC (cost per \/ click); in this way the investment is safe.<\/p>\n<p><strong>Campaign tracking in Google AdWords:<\/strong> observing what works best in the campaign will help you take advantage of the most effective results.<\/p>\n<p>Brand recognition: Google allows us to show graphic ads or videos on content sites related to our business.<\/p>\n<p>How can I get the most out of Google AdWords? Writing attractive ads for the target audience of the company, with some keywords that direct searches to your website or blog.[\/vc_column_text][\/vc_column][\/vc_row][vc_row][vc_column css=&#8221;.vc_custom_1531386089996{margin-top: 35px !important;}&#8221; col_shadow=&#8221;box_shadow_enable:disable|shadow_horizontal:0|shadow_vertical:15|shadow_blur:50|shadow_spread:0|box_shadow_color:rgba(0%2C0%2C0%2C0.35)&#8221; col_shadow_hover=&#8221;box_shadow_enable:disable|shadow_horizontal:0|shadow_vertical:15|shadow_blur:50|shadow_spread:0|box_shadow_color:rgba(0%2C0%2C0%2C0.35)&#8221;][dfd_call_to_action module_animation=&#8221;transition.slideUpBigIn&#8221; block_title=&#8221;For more information about Google Adwords campaigns&#8221; block_subtitle=&#8221;Do not hesitate to contact us&#8221; button_text=&#8221;CONTACT&#8221; button_link=&#8221;url:http%3A%2F%2Fnetwork-communication.eu%2Fcontacto%2F|||&#8221; horizontal_padding=&#8221;35&#8243; vertical_padding=&#8221;35&#8243; main_border_radius=&#8221;6&#8243; main_style=&#8221;style-1&#8243; undefined=&#8221;&#8221; button_block_bg=&#8221;#007eb4&#8243; main_bg_color=&#8221;#007eb4&#8243; button_bg=&#8221;#007eb4&#8243; title_font_options=&#8221;tag:div&#8221; subtitle_font_options=&#8221;tag:div&#8221; tutorials=&#8221;&#8221;][\/vc_column][\/vc_row]<\/p>\n","protected":false},"excerpt":{"rendered":"<p>[vc_row][vc_column][dfd_heading subtitle=&#8221;Advertising campaigns&#8221; delimiter_settings=&#8221;delimiter_style:solid|delimiter_width:80|delimiter_height:1&#8243; undefined=&#8221;&#8221; title_font_options=&#8221;tag:h2&#8243; subtitle_font_options=&#8221;tag:div&#8221; tutorials=&#8221;&#8221;]Google Adwords[\/dfd_heading][\/vc_column][\/vc_row][vc_row][vc_column][vc_column_text]What is a campaign in Google AdWords? What does it consist of? How could it benefit you? AdWords is a service offered<\/p>\n","protected":false},"author":100010035,"featured_media":0,"parent":0,"menu_order":0,"comment_status":"closed","ping_status":"closed","template":"","meta":{"footnotes":""},"class_list":["post-11","page","type-page","status-publish","hentry"],"yoast_head":"<!-- This site is optimized with the Yoast SEO plugin v27.5 - https:\/\/yoast.com\/product\/yoast-seo-wordpress\/ -->\n<title>Campa\u00f1as Google - Google Ads - Network Communication | Digital Marketing Agency<\/title>\n<meta name=\"description\" content=\"Gestionamos sus campa\u00f1as Google AdWords, sus anuncios en los primeros resultados de b\u00fasqueda de Google, m\u00e1xima visibilidad para su empresa.\" \/>\n<meta name=\"robots\" content=\"index, follow, max-snippet:-1, max-image-preview:large, max-video-preview:-1\" \/>\n<link rel=\"canonical\" href=\"https:\/\/network-communication.eu\/en\/google-adwords\/\" \/>\n<meta property=\"og:locale\" content=\"en_GB\" \/>\n<meta property=\"og:type\" content=\"article\" \/>\n<meta property=\"og:title\" content=\"Campa\u00f1as Google - Google Ads - Network Communication | Digital Marketing Agency\" \/>\n<meta property=\"og:description\" content=\"Gestionamos sus campa\u00f1as Google AdWords, sus anuncios en los primeros resultados de b\u00fasqueda de Google, m\u00e1xima visibilidad para su empresa.\" \/>\n<meta property=\"og:url\" content=\"https:\/\/network-communication.eu\/en\/google-adwords\/\" \/>\n<meta property=\"og:site_name\" content=\"Network Communication | Digital Marketing Agency\" \/>\n<meta name=\"twitter:card\" content=\"summary_large_image\" \/>\n<meta name=\"twitter:label1\" content=\"Estimated reading time\" \/>\n\t<meta name=\"twitter:data1\" content=\"2 minutes\" \/>\n<script type=\"application\/ld+json\" class=\"yoast-schema-graph\">{\"@context\":\"https:\\\/\\\/schema.org\",\"@graph\":[{\"@type\":\"WebPage\",\"@id\":\"https:\\\/\\\/network-communication.eu\\\/en\\\/google-adwords\\\/\",\"url\":\"https:\\\/\\\/network-communication.eu\\\/en\\\/google-adwords\\\/\",\"name\":\"Campa\u00f1as Google - Google Ads - Network Communication | Digital Marketing Agency\",\"isPartOf\":{\"@id\":\"https:\\\/\\\/network-communication.eu\\\/en\\\/#website\"},\"datePublished\":\"2019-02-08T08:30:34+00:00\",\"description\":\"Gestionamos sus campa\u00f1as Google AdWords, sus anuncios en los primeros resultados de b\u00fasqueda de Google, m\u00e1xima visibilidad para su empresa.\",\"breadcrumb\":{\"@id\":\"https:\\\/\\\/network-communication.eu\\\/en\\\/google-adwords\\\/#breadcrumb\"},\"inLanguage\":\"en-GB\",\"potentialAction\":[{\"@type\":\"ReadAction\",\"target\":[\"https:\\\/\\\/network-communication.eu\\\/en\\\/google-adwords\\\/\"]}]},{\"@type\":\"BreadcrumbList\",\"@id\":\"https:\\\/\\\/network-communication.eu\\\/en\\\/google-adwords\\\/#breadcrumb\",\"itemListElement\":[{\"@type\":\"ListItem\",\"position\":1,\"name\":\"Portada\",\"item\":\"https:\\\/\\\/network-communication.eu\\\/en\\\/\"},{\"@type\":\"ListItem\",\"position\":2,\"name\":\"Google Ads\"}]},{\"@type\":\"WebSite\",\"@id\":\"https:\\\/\\\/network-communication.eu\\\/en\\\/#website\",\"url\":\"https:\\\/\\\/network-communication.eu\\\/en\\\/\",\"name\":\"Network Communication | Digital Marketing Agency\",\"description\":\"Web Development, SEO, Adwords\",\"potentialAction\":[{\"@type\":\"SearchAction\",\"target\":{\"@type\":\"EntryPoint\",\"urlTemplate\":\"https:\\\/\\\/network-communication.eu\\\/en\\\/?s={search_term_string}\"},\"query-input\":{\"@type\":\"PropertyValueSpecification\",\"valueRequired\":true,\"valueName\":\"search_term_string\"}}],\"inLanguage\":\"en-GB\"}]}<\/script>\n<!-- \/ Yoast SEO plugin. -->","yoast_head_json":{"title":"Campa\u00f1as Google - Google Ads - Network Communication | Digital Marketing Agency","description":"Gestionamos sus campa\u00f1as Google AdWords, sus anuncios en los primeros resultados de b\u00fasqueda de Google, m\u00e1xima visibilidad para su empresa.","robots":{"index":"index","follow":"follow","max-snippet":"max-snippet:-1","max-image-preview":"max-image-preview:large","max-video-preview":"max-video-preview:-1"},"canonical":"https:\/\/network-communication.eu\/en\/google-adwords\/","og_locale":"en_GB","og_type":"article","og_title":"Campa\u00f1as Google - Google Ads - Network Communication | Digital Marketing Agency","og_description":"Gestionamos sus campa\u00f1as Google AdWords, sus anuncios en los primeros resultados de b\u00fasqueda de Google, m\u00e1xima visibilidad para su empresa.","og_url":"https:\/\/network-communication.eu\/en\/google-adwords\/","og_site_name":"Network Communication | Digital Marketing Agency","twitter_card":"summary_large_image","twitter_misc":{"Estimated reading time":"2 minutes"},"schema":{"@context":"https:\/\/schema.org","@graph":[{"@type":"WebPage","@id":"https:\/\/network-communication.eu\/en\/google-adwords\/","url":"https:\/\/network-communication.eu\/en\/google-adwords\/","name":"Campa\u00f1as Google - Google Ads - Network Communication | Digital Marketing Agency","isPartOf":{"@id":"https:\/\/network-communication.eu\/en\/#website"},"datePublished":"2019-02-08T08:30:34+00:00","description":"Gestionamos sus campa\u00f1as Google AdWords, sus anuncios en los primeros resultados de b\u00fasqueda de Google, m\u00e1xima visibilidad para su empresa.","breadcrumb":{"@id":"https:\/\/network-communication.eu\/en\/google-adwords\/#breadcrumb"},"inLanguage":"en-GB","potentialAction":[{"@type":"ReadAction","target":["https:\/\/network-communication.eu\/en\/google-adwords\/"]}]},{"@type":"BreadcrumbList","@id":"https:\/\/network-communication.eu\/en\/google-adwords\/#breadcrumb","itemListElement":[{"@type":"ListItem","position":1,"name":"Portada","item":"https:\/\/network-communication.eu\/en\/"},{"@type":"ListItem","position":2,"name":"Google Ads"}]},{"@type":"WebSite","@id":"https:\/\/network-communication.eu\/en\/#website","url":"https:\/\/network-communication.eu\/en\/","name":"Network Communication | Digital Marketing Agency","description":"Web Development, SEO, Adwords","potentialAction":[{"@type":"SearchAction","target":{"@type":"EntryPoint","urlTemplate":"https:\/\/network-communication.eu\/en\/?s={search_term_string}"},"query-input":{"@type":"PropertyValueSpecification","valueRequired":true,"valueName":"search_term_string"}}],"inLanguage":"en-GB"}]}},"_links":{"self":[{"href":"https:\/\/network-communication.eu\/en\/wp-json\/wp\/v2\/pages\/11","targetHints":{"allow":["GET"]}}],"collection":[{"href":"https:\/\/network-communication.eu\/en\/wp-json\/wp\/v2\/pages"}],"about":[{"href":"https:\/\/network-communication.eu\/en\/wp-json\/wp\/v2\/types\/page"}],"author":[{"embeddable":true,"href":"https:\/\/network-communication.eu\/en\/wp-json\/wp\/v2\/users\/100010035"}],"replies":[{"embeddable":true,"href":"https:\/\/network-communication.eu\/en\/wp-json\/wp\/v2\/comments?post=11"}],"version-history":[{"count":1,"href":"https:\/\/network-communication.eu\/en\/wp-json\/wp\/v2\/pages\/11\/revisions"}],"predecessor-version":[{"id":26,"href":"https:\/\/network-communication.eu\/en\/wp-json\/wp\/v2\/pages\/11\/revisions\/26"}],"wp:attachment":[{"href":"https:\/\/network-communication.eu\/en\/wp-json\/wp\/v2\/media?parent=11"}],"curies":[{"name":"wp","href":"https:\/\/api.w.org\/{rel}","templated":true}]}}